{"id":219,"date":"2021-05-19T21:26:22","date_gmt":"2021-05-19T18:26:22","guid":{"rendered":"http:\/\/www.kauneushoitolamyday.com\/wordpress\/?page_id=219"},"modified":"2021-05-19T21:42:38","modified_gmt":"2021-05-19T18:42:38","slug":"yhteystiedot","status":"publish","type":"page","link":"http:\/\/www.kauneushoitolamyday.com\/wordpress\/yhteystiedot\/","title":{"rendered":"Yhteystiedot"},"content":{"rendered":"<div id=\"pl-219\"  class=\"panel-layout\" ><div id=\"pg-219-0\"  class=\"panel-grid panel-has-style\" ><div class=\"siteorigin-panels-stretch panel-row-style panel-row-style-for-219-0\" style=\"padding: 0px 0; \" data-stretch-type=\"full-stretched\" data-overlay=\"true\" data-overlay-color=\"#000000\" ><div id=\"pgc-219-0-0\"  class=\"panel-grid-cell\" ><div id=\"panel-219-0-0-0\" class=\"so-panel widget widget_sow-image panel-first-child panel-last-child\" data-index=\"0\" ><div style=\"text-align: left;\" data-title-color=\"#443f3f\" data-headings-color=\"#443f3f\" class=\"panel-widget-style panel-widget-style-for-219-0-0-0\" ><div class=\"so-widget-sow-image so-widget-sow-image-default-72463164d13f-219\">\n\n<div class=\"sow-image-container\">\n\t\t<img decoding=\"async\" src=\"http:\/\/www.kauneushoitolamyday.com\/wordpress\/wp-content\/uploads\/2021\/05\/Banneri.png\" width=\"1215\" height=\"281\" srcset=\"http:\/\/www.kauneushoitolamyday.com\/wordpress\/wp-content\/uploads\/2021\/05\/Banneri.png 1215w, http:\/\/www.kauneushoitolamyday.com\/wordpress\/wp-content\/uploads\/2021\/05\/Banneri-300x69.png 300w, http:\/\/www.kauneushoitolamyday.com\/wordpress\/wp-content\/uploads\/2021\/05\/Banneri-1024x237.png 1024w, http:\/\/www.kauneushoitolamyday.com\/wordpress\/wp-content\/uploads\/2021\/05\/Banneri-768x178.png 768w, http:\/\/www.kauneushoitolamyday.com\/wordpress\/wp-content\/uploads\/2021\/05\/Banneri-830x192.png 830w, http:\/\/www.kauneushoitolamyday.com\/wordpress\/wp-content\/uploads\/2021\/05\/Banneri-230x53.png 230w, http:\/\/www.kauneushoitolamyday.com\/wordpress\/wp-content\/uploads\/2021\/05\/Banneri-350x81.png 350w, http:\/\/www.kauneushoitolamyday.com\/wordpress\/wp-content\/uploads\/2021\/05\/Banneri-480x111.png 480w\" sizes=\"auto, (max-width: 1215px) 100vw, 1215px\" alt=\"\" loading=\"lazy\" \t\tclass=\"so-widget-image\"\/>\n\t<\/div>\n\n<\/div><\/div><\/div><\/div><\/div><\/div><div id=\"pg-219-1\"  class=\"panel-grid panel-has-style\" ><div style=\"padding: 25px 0; \" data-overlay=\"true\" data-overlay-color=\"#000000\" class=\"panel-row-style panel-row-style-for-219-1\" ><div id=\"pgc-219-1-0\"  class=\"panel-grid-cell panel-grid-cell-empty\" ><\/div><div id=\"pgc-219-1-1\"  class=\"panel-grid-cell\" ><div id=\"panel-219-1-1-0\" class=\"so-panel widget widget_sow-editor panel-first-child\" data-index=\"1\" ><div style=\"text-align: left;\" data-title-color=\"#443f3f\" data-headings-color=\"#443f3f\" class=\"panel-widget-style panel-widget-style-for-219-1-1-0\" ><div class=\"so-widget-sow-editor so-widget-sow-editor-base\">\n<div class=\"siteorigin-widget-tinymce textwidget\">\n\t<p><a href=\"\/wordpress\">Etusivu<\/a>&nbsp;&nbsp;&nbsp;&nbsp;|&nbsp;&nbsp;&nbsp;&nbsp;<a href=\"\/wordpress\/hinnasto\">Hinnasto<\/a>&nbsp;&nbsp;&nbsp;&nbsp;|&nbsp;&nbsp;&nbsp;&nbsp;<a href=\"\/wordpress\/yhteystiedot\">Yhteystiedot<\/a><\/p>\n<\/div>\n<\/div><\/div><\/div><div id=\"panel-219-1-1-1\" class=\"so-panel widget widget_sow-editor panel-last-child\" data-index=\"2\" ><div style=\"text-align: left;\" data-title-color=\"#443f3f\" data-headings-color=\"#443f3f\" class=\"panel-widget-style panel-widget-style-for-219-1-1-1\" ><div class=\"so-widget-sow-editor so-widget-sow-editor-base\">\n<div class=\"siteorigin-widget-tinymce textwidget\">\n\t<p>Kauneushoitola My DayKemintie 11, 95420 Tornio<br \/>\np.040 589 5311<br \/>\nmyday.birgitta@gmail.com<\/p>\n<p><a href=\"https:\/\/www.facebook.com\/Kauneushoitola-My-Day-140737636663294\/\"><img loading=\"lazy\" decoding=\"async\" class=\"alignleft wp-image-235\" src=\"http:\/\/www.kauneushoitolamyday.com\/wordpress\/wp-content\/uploads\/2021\/05\/facebook-social-media-icon-design-template-vector-png_126986-e1621449608511.jpeg\" alt=\"\" width=\"42\" height=\"42\" \/><\/a><\/p>\n<p>&nbsp;<\/p>\n<p>&nbsp;<\/p>\n<p>Peruuttamattomista sek\u00e4 samana p\u00e4iv\u00e4n\u00e4 peruutetuista ajoista on yrityksell\u00e4 oikeus peri\u00e4 50% hoidon hinnasta.<\/p>\n<\/div>\n<\/div><\/div><\/div><\/div><\/div><\/div><\/div>","protected":false},"excerpt":{"rendered":"<p>Etusivu&nbsp;&nbsp;&nbsp;&nbsp;|&nbsp;&nbsp;&nbsp;&nbsp;Hinnasto&nbsp;&nbsp;&nbsp;&nbsp;|&nbsp;&nbsp;&nbsp;&nbsp;Yhteystiedot Kauneushoitola My DayKemintie 11, 95420 Tornio p.040 589 5311 myday.birgitta@gmail.com &nbsp; &nbsp; Peruuttamattomista sek\u00e4 samana p\u00e4iv\u00e4n\u00e4 peruutetuista ajoista on yrityksell\u00e4 oikeus [&hellip;]<\/p>\n","protected":false},"author":1,"featured_media":0,"parent":0,"menu_order":0,"comment_status":"closed","ping_status":"closed","template":"page-templates\/page_front-page.php","meta":{"footnotes":""},"class_list":["post-219","page","type-page","status-publish","hentry"],"_links":{"self":[{"href":"http:\/\/www.kauneushoitolamyday.com\/wordpress\/wp-json\/wp\/v2\/pages\/219","targetHints":{"allow":["GET"]}}],"collection":[{"href":"http:\/\/www.kauneushoitolamyday.com\/wordpress\/wp-json\/wp\/v2\/pages"}],"about":[{"href":"http:\/\/www.kauneushoitolamyday.com\/wordpress\/wp-json\/wp\/v2\/types\/page"}],"author":[{"embeddable":true,"href":"http:\/\/www.kauneushoitolamyday.com\/wordpress\/wp-json\/wp\/v2\/users\/1"}],"replies":[{"embeddable":true,"href":"http:\/\/www.kauneushoitolamyday.com\/wordpress\/wp-json\/wp\/v2\/comments?post=219"}],"version-history":[{"count":11,"href":"http:\/\/www.kauneushoitolamyday.com\/wordpress\/wp-json\/wp\/v2\/pages\/219\/revisions"}],"predecessor-version":[{"id":241,"href":"http:\/\/www.kauneushoitolamyday.com\/wordpress\/wp-json\/wp\/v2\/pages\/219\/revisions\/241"}],"wp:attachment":[{"href":"http:\/\/www.kauneushoitolamyday.com\/wordpress\/wp-json\/wp\/v2\/media?parent=219"}],"curies":[{"name":"wp","href":"https:\/\/api.w.org\/{rel}","templated":true}]}}