{"id":175,"date":"2021-05-19T20:58:05","date_gmt":"2021-05-19T17:58:05","guid":{"rendered":"http:\/\/www.kauneushoitolamyday.com\/wordpress\/?page_id=175"},"modified":"2024-09-01T14:19:51","modified_gmt":"2024-09-01T11:19:51","slug":"hinnasto","status":"publish","type":"page","link":"http:\/\/www.kauneushoitolamyday.com\/wordpress\/hinnasto\/","title":{"rendered":"Hinnasto"},"content":{"rendered":"<div id=\"pl-175\"  class=\"panel-layout\" ><div id=\"pg-175-0\"  class=\"panel-grid panel-has-style\" ><div class=\"siteorigin-panels-stretch panel-row-style panel-row-style-for-175-0\" style=\"padding: 0px 0; \" data-stretch-type=\"full-stretched\" data-overlay=\"true\" data-overlay-color=\"#000000\" ><div id=\"pgc-175-0-0\"  class=\"panel-grid-cell\" ><div id=\"panel-175-0-0-0\" class=\"so-panel widget widget_sow-image panel-first-child panel-last-child\" data-index=\"0\" ><div style=\"text-align: left;\" data-title-color=\"#443f3f\" data-headings-color=\"#443f3f\" class=\"panel-widget-style panel-widget-style-for-175-0-0-0\" ><div class=\"so-widget-sow-image so-widget-sow-image-default-72463164d13f-175\">\n\n<div class=\"sow-image-container\">\n\t\t<img decoding=\"async\" src=\"http:\/\/www.kauneushoitolamyday.com\/wordpress\/wp-content\/uploads\/2021\/05\/Banneri.png\" width=\"1215\" height=\"281\" srcset=\"http:\/\/www.kauneushoitolamyday.com\/wordpress\/wp-content\/uploads\/2021\/05\/Banneri.png 1215w, http:\/\/www.kauneushoitolamyday.com\/wordpress\/wp-content\/uploads\/2021\/05\/Banneri-300x69.png 300w, http:\/\/www.kauneushoitolamyday.com\/wordpress\/wp-content\/uploads\/2021\/05\/Banneri-1024x237.png 1024w, http:\/\/www.kauneushoitolamyday.com\/wordpress\/wp-content\/uploads\/2021\/05\/Banneri-768x178.png 768w, http:\/\/www.kauneushoitolamyday.com\/wordpress\/wp-content\/uploads\/2021\/05\/Banneri-830x192.png 830w, http:\/\/www.kauneushoitolamyday.com\/wordpress\/wp-content\/uploads\/2021\/05\/Banneri-230x53.png 230w, http:\/\/www.kauneushoitolamyday.com\/wordpress\/wp-content\/uploads\/2021\/05\/Banneri-350x81.png 350w, http:\/\/www.kauneushoitolamyday.com\/wordpress\/wp-content\/uploads\/2021\/05\/Banneri-480x111.png 480w\" sizes=\"auto, (max-width: 1215px) 100vw, 1215px\" alt=\"\" loading=\"lazy\" \t\tclass=\"so-widget-image\"\/>\n\t<\/div>\n\n<\/div><\/div><\/div><\/div><\/div><\/div><div id=\"pg-175-1\"  class=\"panel-grid panel-has-style\" ><div style=\"padding: 25px 0; \" data-overlay=\"true\" data-overlay-color=\"#000000\" class=\"panel-row-style panel-row-style-for-175-1\" ><div id=\"pgc-175-1-0\"  class=\"panel-grid-cell panel-grid-cell-empty\" ><\/div><div id=\"pgc-175-1-1\"  class=\"panel-grid-cell\" ><div id=\"panel-175-1-1-0\" class=\"so-panel widget widget_sow-editor panel-first-child\" data-index=\"1\" ><div style=\"text-align: left;\" data-title-color=\"#443f3f\" data-headings-color=\"#443f3f\" class=\"panel-widget-style panel-widget-style-for-175-1-1-0\" ><div class=\"so-widget-sow-editor so-widget-sow-editor-base\">\n<div class=\"siteorigin-widget-tinymce textwidget\">\n\t<p><a href=\"\/wordpress\">Etusivu<\/a>&nbsp;&nbsp;&nbsp;&nbsp;|&nbsp;&nbsp;&nbsp;&nbsp;<a href=\"\/wordpress\/hinnasto\">Hinnasto<\/a>&nbsp;&nbsp;&nbsp;&nbsp;|&nbsp;&nbsp;&nbsp;&nbsp;<a href=\"\/wordpress\/yhteystiedot\">Yhteystiedot<\/a><\/p>\n<\/div>\n<\/div><\/div><\/div><div id=\"panel-175-1-1-1\" class=\"so-panel widget widget_sow-editor panel-last-child\" data-index=\"2\" ><div style=\"text-align: left;\" data-title-color=\"#443f3f\" data-headings-color=\"#443f3f\" class=\"panel-widget-style panel-widget-style-for-175-1-1-1\" ><div class=\"so-widget-sow-editor so-widget-sow-editor-base\">\n<div class=\"siteorigin-widget-tinymce textwidget\">\n\t<div><b>PERUSKASVOHOITO<\/b><\/div>\n<div>sis. Puhdistuksen, kuorinnan, h\u00f6yrytyksen, mekaanisen ihonpuhdistuksen, kulmien siistimisen, seerumin, hieronnan, naamion, silm\u00e4nymp\u00e4rys naamion ja loppuvoiteet .Hoito tehd\u00e4\u00e4n aina ihotyypin mukaisilla tuotteilla<\/div>\n<div><b>79\u20ac<\/b><\/div>\n<div>\n<hr \/>\n<\/div>\n<div><b>HEMMOTTELEVA KASVOHOITO <\/b><\/div>\n<div>sis. Puhdistuksen, kuorinnan, seerumin, kulmien siistimisen, hieronnan, naamion, silm\u00e4nymp\u00e4rysihon naamion ja loppuvoiteet. Hoito tehd\u00e4\u00e4n aina ihotyypin mukaisilla tuotteilla.<\/div>\n<div><b>69\u20ac<\/b><\/div>\n<div>\n<hr \/>\n<\/div>\n<div><b>NUORISOIHONPUHDISTUS<\/b><\/div>\n<div>sis. Puhdistuksen, kuorinnan, h\u00f6yrytyksen, mekaanisen ihonpuhdistuksen, naamion ja loppuvoiteet. Hoito tehd\u00e4\u00e4n aina ihotyypin mukaisilla tuotteilla.<\/div>\n<div><b>69\u20ac<\/b><\/div>\n<div>\n<hr \/>\n<\/div>\n<div><b>KASVOJEN PIKAPIRISTYS<\/b><\/div>\n<div>sis. Puhdistuksen, kuorinnan, seerumin, kulmien siistimisen, naamion ja loppuvoiteet.Hoito tehd\u00e4\u00e4n aina ihotyypin mukaisilla tuotteilla.<\/div>\n<div><b>59\u20ac<\/b><\/div>\n<div>\n<hr \/>\n<\/div>\n<div><b>ERIKOISKASVOHOIDOT<\/b><\/div>\n<div>\n<div><b>\u00a0<\/b><\/div>\n<div>\n<div><b>ULTRAKASVOHOITO<\/b><\/div>\n<div>sis. Puhdistus, ultrakuorinta, seerumin imeytyksen ultralla,<\/div>\n<div>tarvittaessa lyhyt mekaaninen ihonpuhdistus, kulmien siistiminen, hieronta,<\/div>\n<div>naamio, silm\u00e4nymp\u00e4rysihon naamio ja loppuvoide. Hoito tehd\u00e4\u00e4n aina ihotyypin mukaisilla tuotteilla.<\/div>\n<div><b>89\u20ac<\/b><\/div>\n<div>\n<hr \/>\n<\/div>\n<\/div>\n<div>\n<div><b>TIMANTTIHIONTA KASVOHOITO<\/b><\/div>\n<div>Ihoa uudistava, kirkastava ja juonteita, arpia, maksal\u00e4iski\u00e4 \u00a0ja ihohuokosia tasoittava hoito.<\/div>\n<div>Sis. alkupuhdistus, timanttihionta, tarvittaessa lyhyt mekaaninen ihonpuhdistus, tehoseerumi, kulmien siistiminen, naamio ja hoitovoide.<\/div>\n<div><b>89\u20ac<\/b><\/div>\n<div>\n<hr \/>\n<\/div>\n<\/div>\n<div><b>PASSION ROSE KASVOHOITO<\/b><\/div>\n<div>sis. Puhdistus, kuorinta, teho\u00f6ljy, seerumi, kulmien siistimisen, hieronta,<\/div>\n<div>naamio, silm\u00e4nymp\u00e4rysnaamio ja loppuvoide.<\/div>\n<div><b>85\u20ac<\/b><\/div>\n<div><\/div>\n<\/div>\n<div>\n<div><\/div>\n<div>\n<hr \/>\n<\/div>\n<\/div>\n<div><b>SILOTTAVA MIKRONEULAUS<\/b><\/div>\n<div>\n<div><b>KASVOILLE<\/b> ensimm\u00e4inen hoito<b> 125\u20ac<\/b><\/div>\n<div><b>1. <\/b>kerran j\u00e4lkeen<b> 110\u20ac<\/b><\/div>\n<div><b>KASVOT JA KAULA<\/b> ensimm\u00e4inen hoito<b> 145\u20ac<\/b><\/div>\n<div><b>1.<\/b> kerran j\u00e4lkeen<b> 125\u20ac<\/b><\/div>\n<\/div>\n<div>\n<hr \/>\n<\/div>\n<div><b>KULMIEN JA RIPSIEN KESTOV\u00c4RJ\u00c4YS\u00a0<\/b><\/div>\n<div><b>35\u20ac<\/b><\/div>\n<div>\n<hr \/>\n<p>&nbsp;<\/p>\n<\/div>\n<div><b>KULMIEN TAI RIPSIEN V\u00c4RJ\u00c4YS\u00a0<\/b><\/div>\n<div><b>25\u20ac<\/b><\/div>\n<div>\n<hr \/>\n<p>&nbsp;<\/p>\n<\/div>\n<div><b>KULMIEN MUOTOILU\u00a0<\/b><\/div>\n<div><b>19\u20ac<\/b><\/div>\n<div>\n<hr \/>\n<p>&nbsp;<\/p>\n<\/div>\n<div><b>MICROBLADING<\/b><\/div>\n<div><b>220\u20ac norm.290\u20ac<\/b><\/div>\n<div>\n<hr \/>\n<\/div>\n<div><b>RIPSIEN KESTOTAIVUTUS<\/b><span class=\"Apple-tab-span\">\u00a0\u00a0\u00a0\u00a0\u00a0 <\/span><\/div>\n<div>Kestotaivutus \u00a0ripsille. Pysyy n 1,5-2 kk. Sis. kestov\u00e4rj\u00e4yksen.<\/div>\n<div>Kesto n. 1,5h.<\/div>\n<div><b>69<\/b><b>\u20ac<\/b><\/div>\n<div>\n<hr \/>\n<\/div>\n<div><\/div>\n<div><b>K\u00c4SIHOITO<\/b><\/div>\n<div>sis. Kynsien viilauksen, kynsinauhojen hoidon, hieronnan ja lakkauksen.<\/div>\n<div>Kesto n. 1h.<\/div>\n<div><b>55\u20ac<\/b><\/div>\n<div>\n<hr \/>\n<\/div>\n<div><\/div>\n<div><b>JALKAHOITO<\/b><\/div>\n<div>sis. Jalkojen kylvetyksen, kynsien leikkauksen ja viilauksen, kynsinauhojen hoidon,<\/div>\n<div>k\u00e4nsien ja kovettumien hoidon, raspauksen, hieronnan, lakkauksen (vain terveille kynsille)<\/div>\n<div>ja voiteen.<\/div>\n<div>Kesto n. 1h.<\/div>\n<div><b>59\u20ac<\/b><\/div>\n<div>\n<hr \/>\n<\/div>\n<div><b>SPA JALKAHOITO<\/b><\/div>\n<div>sis. Perusjalkahoidon lis\u00e4ksi \u00a0kuorinnan ja naamion.<\/div>\n<div>Kesto n. 70 min.<\/div>\n<div><b>69\u20ac<\/b><\/div>\n<div>\n<hr \/>\n<\/div>\n<div><\/div>\n<div><b>KARVANPOISTOT L\u00c4MMINVAHALLA:<\/b><\/div>\n<div><b>\u00a0<\/b><\/div>\n<div><b>S\u00c4\u00c4RIKARVAN POISTO\u00a0<\/b><\/div>\n<div><b>38\u20ac<\/b><\/div>\n<div>\n<hr \/>\n<p>&nbsp;<\/p>\n<\/div>\n<div><b>S\u00c4\u00c4RET JA REIDET\u00a0<\/b><\/div>\n<div><b>60\u20ac<\/b><\/div>\n<div>\n<hr \/>\n<p>&nbsp;<\/p>\n<\/div>\n<div><b>K\u00c4SIKARVAT<\/b><\/div>\n<div><b>39\u20ac<\/b><\/div>\n<div>\n<hr \/>\n<p>&nbsp;<\/p>\n<\/div>\n<div><b>BIKINIRAJA\/KAINALOT\u00a0<\/b><\/div>\n<div><b>39\u20ac<\/b><\/div>\n<div>\n<hr \/>\n<p>&nbsp;<\/p>\n<\/div>\n<div><b>YL\u00c4HUULI\/LEUKA\u00a0<\/b><\/div>\n<div><b>15\u20ac\/ALUE<\/b><\/div>\n<div>\n<hr \/>\n<p>&nbsp;<\/p>\n<\/div>\n<div><b>KOKO KASVOT\u00a0<\/b><\/div>\n<div><b>35\u20ac<\/b><\/div>\n<div>\n<hr \/>\n<p>&nbsp;<\/p>\n<\/div>\n<div><b>MEIKKAUS\u00a0<\/b><\/div>\n<div><b>65\u20ac<\/b><\/div>\n<div>\n<hr \/>\n<p>&nbsp;<\/p>\n<\/div>\n<div><b>MEIKKIOPASTUS\u00a0<\/b><\/div>\n<div><b>75\u20ac<\/b><\/div>\n<div>\n<hr \/>\n<p>&nbsp;<\/p>\n<\/div>\n<div><b>H\u00c4\u00c4MEIKKI SIS KOEMEIKIN \u00a0<\/b><\/div>\n<div><b>110\u20ac<\/b><\/div>\n<div>\n<hr \/>\n<p>&nbsp;<\/p>\n<\/div>\n<div><b>MORSIUSPAKKAUS\u00a0<\/b><\/div>\n<div>sis. Kosteuttavan kasvohoidon, kestov\u00e4rj\u00e4ykset, koemeikin ja h\u00e4\u00e4meikin<\/div>\n<div><b>210\u20ac<\/b><\/div>\n<div>\n<hr \/>\n<p>&nbsp;<\/p>\n<\/div>\n<div><b>Hinnat sis\u00e4lt\u00e4v\u00e4t alv 25,5%<\/b><\/div>\n<div><b>\u00a0<\/b><\/div>\n<div><b>Peruuttamattomasta tai samana p\u00e4iv\u00e4n\u00e4 peruutetusta ajasta on yrityksell\u00e4 oikeus peri\u00e4 50% hoidon hinnasta!<\/b><\/div>\n<\/div>\n<\/div><\/div><\/div><\/div><\/div><\/div><\/div>","protected":false},"excerpt":{"rendered":"<p>Etusivu&nbsp;&nbsp;&nbsp;&nbsp;|&nbsp;&nbsp;&nbsp;&nbsp;Hinnasto&nbsp;&nbsp;&nbsp;&nbsp;|&nbsp;&nbsp;&nbsp;&nbsp;Yhteystiedot PERUSKASVOHOITO sis. Puhdistuksen, kuorinnan, h\u00f6yrytyksen, mekaanisen ihonpuhdistuksen, kulmien siistimisen, seerumin, hieronnan, naamion, silm\u00e4nymp\u00e4rys naamion ja loppuvoiteet .Hoito tehd\u00e4\u00e4n aina ihotyypin mukaisilla [&hellip;]<\/p>\n","protected":false},"author":1,"featured_media":0,"parent":0,"menu_order":0,"comment_status":"closed","ping_status":"closed","template":"page-templates\/page_front-page.php","meta":{"footnotes":""},"class_list":["post-175","page","type-page","status-publish","hentry"],"_links":{"self":[{"href":"http:\/\/www.kauneushoitolamyday.com\/wordpress\/wp-json\/wp\/v2\/pages\/175","targetHints":{"allow":["GET"]}}],"collection":[{"href":"http:\/\/www.kauneushoitolamyday.com\/wordpress\/wp-json\/wp\/v2\/pages"}],"about":[{"href":"http:\/\/www.kauneushoitolamyday.com\/wordpress\/wp-json\/wp\/v2\/types\/page"}],"author":[{"embeddable":true,"href":"http:\/\/www.kauneushoitolamyday.com\/wordpress\/wp-json\/wp\/v2\/users\/1"}],"replies":[{"embeddable":true,"href":"http:\/\/www.kauneushoitolamyday.com\/wordpress\/wp-json\/wp\/v2\/comments?post=175"}],"version-history":[{"count":31,"href":"http:\/\/www.kauneushoitolamyday.com\/wordpress\/wp-json\/wp\/v2\/pages\/175\/revisions"}],"predecessor-version":[{"id":252,"href":"http:\/\/www.kauneushoitolamyday.com\/wordpress\/wp-json\/wp\/v2\/pages\/175\/revisions\/252"}],"wp:attachment":[{"href":"http:\/\/www.kauneushoitolamyday.com\/wordpress\/wp-json\/wp\/v2\/media?parent=175"}],"curies":[{"name":"wp","href":"https:\/\/api.w.org\/{rel}","templated":true}]}}